{"id":1344,"date":"2024-05-07T18:05:25","date_gmt":"2024-05-07T18:05:25","guid":{"rendered":"https:\/\/www.dekanter-wines.com\/shop\/?post_type=product&#038;p=1344"},"modified":"2024-12-02T16:38:38","modified_gmt":"2024-12-02T16:38:38","slug":"bela-natura-orange-cuvee-dry-zelen-rebula-malvazija-petric-0-75-l","status":"publish","type":"product","link":"https:\/\/www.dekanter-wines.com\/shop\/izdelek\/bela-natura-orange-cuvee-dry-zelen-rebula-malvazija-petric-0-75-l\/","title":{"rendered":"Bela natura Orange Cuvee dry (Zelen, Rebula, Malvazija&#8230;), Petri\u010d (0.75 l)"},"content":{"rendered":"<section class=\"wpb-content-wrapper\"><p>[vc_row][vc_column][vc_column_text]Minister za zdravje opozarja: Prekomerno pitje alkohola \u0161koduje zdravju![\/vc_column_text][\/vc_column][\/vc_row]<\/p>\n<\/section>","protected":false},"excerpt":{"rendered":"<p>Bela natura je narejena iz skrbno pridelanega grozdja avtohtone sorte Zelen, Rebule, Malvazije in Rizlinga. \u017de iz imena lahko razberemo, da je vino Bela natura bolj povezano z naravo, saj sta grozdje in vino pridelana po receptu na\u0161ih prednikov. Sorten vonj spominja na ne\u017eno aromo cvetno-sadne zaznave, ki jo dopolnjuje tudi vonj po vanilji in hrastu, saj je vino zorelo 11 mesecev v sodu. Okus je poln, trajen in na koncu mehak in lepo zaokro\u017een. Grozdje smo macerirali 20 dni in s tem pridobili ve\u010d barve, ki se odra\u017ea v oran\u017enih odtenkih, bolj strukturno telo in ve\u010d antioksidantov, ki ohranjajo vino stabilno na naraven na\u010din.<\/p>\n","protected":false},"featured_media":1345,"template":"","meta":[],"product_cat":[16,22],"product_tag":[],"_links":{"self":[{"href":"https:\/\/www.dekanter-wines.com\/shop\/wp-json\/wp\/v2\/product\/1344"}],"collection":[{"href":"https:\/\/www.dekanter-wines.com\/shop\/wp-json\/wp\/v2\/product"}],"about":[{"href":"https:\/\/www.dekanter-wines.com\/shop\/wp-json\/wp\/v2\/types\/product"}],"wp:featuredmedia":[{"embeddable":true,"href":"https:\/\/www.dekanter-wines.com\/shop\/wp-json\/wp\/v2\/media\/1345"}],"wp:attachment":[{"href":"https:\/\/www.dekanter-wines.com\/shop\/wp-json\/wp\/v2\/media?parent=1344"}],"wp:term":[{"taxonomy":"product_cat","embeddable":true,"href":"https:\/\/www.dekanter-wines.com\/shop\/wp-json\/wp\/v2\/product_cat?post=1344"},{"taxonomy":"product_tag","embeddable":true,"href":"https:\/\/www.dekanter-wines.com\/shop\/wp-json\/wp\/v2\/product_tag?post=1344"}],"curies":[{"name":"wp","href":"https:\/\/api.w.org\/{rel}","templated":true}]}}