{"id":1341,"date":"2024-05-07T17:21:10","date_gmt":"2024-05-07T17:21:10","guid":{"rendered":"https:\/\/www.dekanter-wines.com\/shop\/?post_type=product&#038;p=1341"},"modified":"2024-12-02T16:40:44","modified_gmt":"2024-12-02T16:40:44","slug":"zelen-dry-petric-0-75-l","status":"publish","type":"product","link":"https:\/\/www.dekanter-wines.com\/shop\/izdelek\/zelen-dry-petric-0-75-l\/","title":{"rendered":"Zelen dry, Petri\u010d (0.75 l)"},"content":{"rendered":"<section class=\"wpb-content-wrapper\"><p>[vc_row][vc_column][vc_column_text]Minister za zdravje opozarja: Prekomerno pitje alkohola \u0161koduje zdravju![\/vc_column_text][\/vc_column][\/vc_row]<\/p>\n<\/section>","protected":false},"excerpt":{"rendered":"<div class=\"sc-c9f4ca54-1 bwrVcm\">\n<p class=\"sc-c9f4ca54-5 dOIRdm\">Zel\u00e8n je avtohtona sorta iz zgornje Vipavske doline. Vino Zelen ima ne\u017eno aromo cvetno-sadne zaznave, ki jo dopolnjujejo mediteranske di\u0161avnice (sivka, ro\u017emarin). Vino ima polno in plemenito telo ter prav\u0161njo mero sve\u017eine in mehkobe. Polnost okusa pri\u010da o bogati sestavi ekstrakta, ki se v ustih dalj \u010dasa ka\u017ee s spro\u0161\u010danjem sladko-kislih zaznav v lepem ravnote\u017eju. Vtis po po\u017eirku \u2013 po\u010dasen odhod potrjuje bogato sestavljenost in harmonijo vina.<\/p>\n<\/div>\n","protected":false},"featured_media":1342,"template":"","meta":[],"product_cat":[16,23],"product_tag":[],"_links":{"self":[{"href":"https:\/\/www.dekanter-wines.com\/shop\/wp-json\/wp\/v2\/product\/1341"}],"collection":[{"href":"https:\/\/www.dekanter-wines.com\/shop\/wp-json\/wp\/v2\/product"}],"about":[{"href":"https:\/\/www.dekanter-wines.com\/shop\/wp-json\/wp\/v2\/types\/product"}],"wp:featuredmedia":[{"embeddable":true,"href":"https:\/\/www.dekanter-wines.com\/shop\/wp-json\/wp\/v2\/media\/1342"}],"wp:attachment":[{"href":"https:\/\/www.dekanter-wines.com\/shop\/wp-json\/wp\/v2\/media?parent=1341"}],"wp:term":[{"taxonomy":"product_cat","embeddable":true,"href":"https:\/\/www.dekanter-wines.com\/shop\/wp-json\/wp\/v2\/product_cat?post=1341"},{"taxonomy":"product_tag","embeddable":true,"href":"https:\/\/www.dekanter-wines.com\/shop\/wp-json\/wp\/v2\/product_tag?post=1341"}],"curies":[{"name":"wp","href":"https:\/\/api.w.org\/{rel}","templated":true}]}}