{"id":1324,"date":"2024-05-07T16:13:50","date_gmt":"2024-05-07T16:13:50","guid":{"rendered":"https:\/\/www.dekanter-wines.com\/shop\/?post_type=product&#038;p=1324"},"modified":"2024-12-02T16:53:45","modified_gmt":"2024-12-02T16:53:45","slug":"cabernet-franc-eco-guerila-0-75-l","status":"publish","type":"product","link":"https:\/\/www.dekanter-wines.com\/shop\/izdelek\/cabernet-franc-eco-guerila-0-75-l\/","title":{"rendered":"Cabernet Franc Eco, Guerila (0.75 l)"},"content":{"rendered":"<section class=\"wpb-content-wrapper\"><p>[vc_row][vc_column][vc_column_text]Minister za zdravje opozarja: Prekomerno pitje alkohola \u0161koduje zdravju![\/vc_column_text][\/vc_column][\/vc_row]<\/p>\n<\/section>","protected":false},"excerpt":{"rendered":"<p>Barva je rubinasto rde\u010da z vijoli\u010dnimi odtenki in izredno globoka. Vonj je zelo intenziven in fin. Prepletajo se kompleksne arome po prezrelih in suhih slivah, temnih gozdnih sade\u017eih, likviriciji, gozdni podrasti, mediteranskih di\u0161avnicah in popru. Elegantno vino polnega telesa ima harmoni\u010den, poln okus z veliko mehkobe in prijetne sve\u017eine.<\/p>\n","protected":false},"featured_media":1326,"template":"","meta":[],"product_cat":[16,24],"product_tag":[],"_links":{"self":[{"href":"https:\/\/www.dekanter-wines.com\/shop\/wp-json\/wp\/v2\/product\/1324"}],"collection":[{"href":"https:\/\/www.dekanter-wines.com\/shop\/wp-json\/wp\/v2\/product"}],"about":[{"href":"https:\/\/www.dekanter-wines.com\/shop\/wp-json\/wp\/v2\/types\/product"}],"wp:featuredmedia":[{"embeddable":true,"href":"https:\/\/www.dekanter-wines.com\/shop\/wp-json\/wp\/v2\/media\/1326"}],"wp:attachment":[{"href":"https:\/\/www.dekanter-wines.com\/shop\/wp-json\/wp\/v2\/media?parent=1324"}],"wp:term":[{"taxonomy":"product_cat","embeddable":true,"href":"https:\/\/www.dekanter-wines.com\/shop\/wp-json\/wp\/v2\/product_cat?post=1324"},{"taxonomy":"product_tag","embeddable":true,"href":"https:\/\/www.dekanter-wines.com\/shop\/wp-json\/wp\/v2\/product_tag?post=1324"}],"curies":[{"name":"wp","href":"https:\/\/api.w.org\/{rel}","templated":true}]}}