{"id":1321,"date":"2024-05-07T15:58:50","date_gmt":"2024-05-07T15:58:50","guid":{"rendered":"https:\/\/www.dekanter-wines.com\/shop\/?post_type=product&#038;p=1321"},"modified":"2025-08-12T20:28:07","modified_gmt":"2025-08-12T18:28:07","slug":"rose-eco-dry-cuvee-merlot-cabarnet-0-75-l","status":"publish","type":"product","link":"https:\/\/www.dekanter-wines.com\/shop\/izdelek\/rose-eco-dry-cuvee-merlot-cabarnet-0-75-l\/","title":{"rendered":"Rose Eco dry, cuvee ( Merlot, Cabarnet);  ( 0.75 L )"},"content":{"rendered":"<section class=\"wpb-content-wrapper\"><p>[vc_row][vc_column][vc_column_text]Minister za zdravje opozarja: Prekomerno pitje alkohola \u0161koduje zdravju![\/vc_column_text][\/vc_column][\/vc_row]<\/p>\n<\/section>","protected":false},"excerpt":{"rendered":"<p>Barva je \u010de\u0161njevo rde\u010da, iskriva. Vonj je zelo intenziven in fin. Prepoznamo arome po prezrelih jagodah, \u010de\u0161njah in \u010drnem ribezu. Vino, ki ga odlikujejo prijetna sadnost, sve\u017eina in mehkoba, je primerno tako za aperitiv kot za spremljavo zelenjavnim, ribjim ali mesnim jedem.<\/p>\n","protected":false},"featured_media":0,"template":"","meta":[],"product_cat":[16,21],"product_tag":[],"_links":{"self":[{"href":"https:\/\/www.dekanter-wines.com\/shop\/wp-json\/wp\/v2\/product\/1321"}],"collection":[{"href":"https:\/\/www.dekanter-wines.com\/shop\/wp-json\/wp\/v2\/product"}],"about":[{"href":"https:\/\/www.dekanter-wines.com\/shop\/wp-json\/wp\/v2\/types\/product"}],"wp:attachment":[{"href":"https:\/\/www.dekanter-wines.com\/shop\/wp-json\/wp\/v2\/media?parent=1321"}],"wp:term":[{"taxonomy":"product_cat","embeddable":true,"href":"https:\/\/www.dekanter-wines.com\/shop\/wp-json\/wp\/v2\/product_cat?post=1321"},{"taxonomy":"product_tag","embeddable":true,"href":"https:\/\/www.dekanter-wines.com\/shop\/wp-json\/wp\/v2\/product_tag?post=1321"}],"curies":[{"name":"wp","href":"https:\/\/api.w.org\/{rel}","templated":true}]}}