{"id":1295,"date":"2024-05-06T16:07:59","date_gmt":"2024-05-06T16:07:59","guid":{"rendered":"https:\/\/www.dekanter-wines.com\/shop\/?post_type=product&#038;p=1295"},"modified":"2024-12-02T17:12:11","modified_gmt":"2024-12-02T17:12:11","slug":"carolina-rdeca-cuvee-dry-jakoncic-0-75-l","status":"publish","type":"product","link":"https:\/\/www.dekanter-wines.com\/shop\/izdelek\/carolina-rdeca-cuvee-dry-jakoncic-0-75-l\/","title":{"rendered":"Carolina rde\u010da Cuvee, (cabernet s., merlot. cabernet f.) dry, Jakon\u010di\u010d (0.75 l)"},"content":{"rendered":"<section class=\"wpb-content-wrapper\"><p>[vc_row][vc_column][vc_column_text]Minister za zdravje opozarja: Prekomerno pitje alkohola \u0161koduje zdravju![\/vc_column_text][\/vc_column][\/vc_row]<\/p>\n<\/section>","protected":false},"excerpt":{"rendered":"<p>Rde\u010da Carolina je srednje intenzivne granatno rde\u010de barve. Na nosu je vino elegantno in zorjeno, z zaznavnim vonjem po \u010de\u0161njah in \u010de\u0161njevi marmeladi. V ustih je vino suho, so\u010dno, z elegantnimi zrelimi tanini. Karakter v ustih je intenziven, zaznati je popraste in eksoti\u010dne za\u010dimbe, pa tudi \u010dokolado in zorenje v lesu. Zelo kompleksno vino z dolgim pookusom in dolgim \u017eivljenjem.<\/p>\n","protected":false},"featured_media":1296,"template":"","meta":[],"product_cat":[16,24],"product_tag":[],"_links":{"self":[{"href":"https:\/\/www.dekanter-wines.com\/shop\/wp-json\/wp\/v2\/product\/1295"}],"collection":[{"href":"https:\/\/www.dekanter-wines.com\/shop\/wp-json\/wp\/v2\/product"}],"about":[{"href":"https:\/\/www.dekanter-wines.com\/shop\/wp-json\/wp\/v2\/types\/product"}],"wp:featuredmedia":[{"embeddable":true,"href":"https:\/\/www.dekanter-wines.com\/shop\/wp-json\/wp\/v2\/media\/1296"}],"wp:attachment":[{"href":"https:\/\/www.dekanter-wines.com\/shop\/wp-json\/wp\/v2\/media?parent=1295"}],"wp:term":[{"taxonomy":"product_cat","embeddable":true,"href":"https:\/\/www.dekanter-wines.com\/shop\/wp-json\/wp\/v2\/product_cat?post=1295"},{"taxonomy":"product_tag","embeddable":true,"href":"https:\/\/www.dekanter-wines.com\/shop\/wp-json\/wp\/v2\/product_tag?post=1295"}],"curies":[{"name":"wp","href":"https:\/\/api.w.org\/{rel}","templated":true}]}}