{"id":1248,"date":"2023-10-07T16:42:43","date_gmt":"2023-10-07T16:42:43","guid":{"rendered":"https:\/\/www.dekanter-wines.com\/shop\/?post_type=product&#038;p=1248"},"modified":"2024-12-02T18:11:02","modified_gmt":"2024-12-02T18:11:02","slug":"sin-sonca-zrela-linija-steras-0-75-l","status":"publish","type":"product","link":"https:\/\/www.dekanter-wines.com\/shop\/izdelek\/sin-sonca-zrela-linija-steras-0-75-l\/","title":{"rendered":"Sin sonca zrela linija, cuvee ( refo\u0161k, syrah, cabernet s.) (0.75 l)"},"content":{"rendered":"<section class=\"wpb-content-wrapper\"><p>[vc_row][vc_column][vc_column_text]Minister za zdravje opozarja: Prekomerno pitje alkohola \u0161koduje zdravju![\/vc_column_text][\/vc_column][\/vc_row]<\/p>\n<\/section>","protected":false},"excerpt":{"rendered":"<p>Suho vino. Zvrst (cabernet sauvignon, refo\u0161k, cipro). Barva je rubinasto rde\u010da intenzivnih odtenkov s komaj opaznimi vijoli\u010dnimi niansami. Na vonju je saden z robidnicami v ospredju, sledijo sliva in vi\u0161nja na sadni strani in tobak ter poper med zorilnimi aromami. V ustih je prisotna eleganca in uravnote\u017eenost. Kljub temu, da je \u0161e zelo mlado vino ni\u010d ne izstopa, kar pa ne pomeni, da pred sabo nima \u0161e zelo dolgega \u017eivljenja. Prej nasprotno. Kislina je zaznavna a prijetna, tanini mehki in ule\u017eani. Posameznih sort na okusu se ne razlo\u010di, vse se zlijejo v eno celoto.<\/p>\n","protected":false},"featured_media":1249,"template":"","meta":[],"product_cat":[16,24],"product_tag":[],"_links":{"self":[{"href":"https:\/\/www.dekanter-wines.com\/shop\/wp-json\/wp\/v2\/product\/1248"}],"collection":[{"href":"https:\/\/www.dekanter-wines.com\/shop\/wp-json\/wp\/v2\/product"}],"about":[{"href":"https:\/\/www.dekanter-wines.com\/shop\/wp-json\/wp\/v2\/types\/product"}],"wp:featuredmedia":[{"embeddable":true,"href":"https:\/\/www.dekanter-wines.com\/shop\/wp-json\/wp\/v2\/media\/1249"}],"wp:attachment":[{"href":"https:\/\/www.dekanter-wines.com\/shop\/wp-json\/wp\/v2\/media?parent=1248"}],"wp:term":[{"taxonomy":"product_cat","embeddable":true,"href":"https:\/\/www.dekanter-wines.com\/shop\/wp-json\/wp\/v2\/product_cat?post=1248"},{"taxonomy":"product_tag","embeddable":true,"href":"https:\/\/www.dekanter-wines.com\/shop\/wp-json\/wp\/v2\/product_tag?post=1248"}],"curies":[{"name":"wp","href":"https:\/\/api.w.org\/{rel}","templated":true}]}}