{"id":1231,"date":"2023-09-03T10:07:20","date_gmt":"2023-09-03T10:07:20","guid":{"rendered":"https:\/\/www.dekanter-wines.com\/shop\/?post_type=product&#038;p=1231"},"modified":"2025-04-01T18:51:48","modified_gmt":"2025-04-01T16:51:48","slug":"rebula-zarova-0-75-l","status":"publish","type":"product","link":"https:\/\/www.dekanter-wines.com\/shop\/izdelek\/rebula-zarova-0-75-l\/","title":{"rendered":"Rebula, Zarova (0.75 l)"},"content":{"rendered":"<section class=\"wpb-content-wrapper\"><p>[vc_row][vc_column][vc_column_text]Minister za zdravje opozarja: Prekomerno pitje alkohola \u0161koduje zdravju![\/vc_column_text][\/vc_column][\/vc_row]<\/p>\n<\/section>","protected":false},"excerpt":{"rendered":"<p>Suho vino. Barva je ne\u017ena, limonasto rumena. Cvetica je ne\u017enej\u0161a, sadna (rumeno in zeleno sadje), Mladostna, sve\u017ea. V ustih je vino suho, z obilico kislin. La\u017eje aperitivno vino z srednje dolgim pookusom.<\/p>\n","protected":false},"featured_media":1239,"template":"","meta":[],"product_cat":[16,23],"product_tag":[],"_links":{"self":[{"href":"https:\/\/www.dekanter-wines.com\/shop\/wp-json\/wp\/v2\/product\/1231"}],"collection":[{"href":"https:\/\/www.dekanter-wines.com\/shop\/wp-json\/wp\/v2\/product"}],"about":[{"href":"https:\/\/www.dekanter-wines.com\/shop\/wp-json\/wp\/v2\/types\/product"}],"wp:featuredmedia":[{"embeddable":true,"href":"https:\/\/www.dekanter-wines.com\/shop\/wp-json\/wp\/v2\/media\/1239"}],"wp:attachment":[{"href":"https:\/\/www.dekanter-wines.com\/shop\/wp-json\/wp\/v2\/media?parent=1231"}],"wp:term":[{"taxonomy":"product_cat","embeddable":true,"href":"https:\/\/www.dekanter-wines.com\/shop\/wp-json\/wp\/v2\/product_cat?post=1231"},{"taxonomy":"product_tag","embeddable":true,"href":"https:\/\/www.dekanter-wines.com\/shop\/wp-json\/wp\/v2\/product_tag?post=1231"}],"curies":[{"name":"wp","href":"https:\/\/api.w.org\/{rel}","templated":true}]}}