{"id":477,"date":"2023-07-06T11:17:55","date_gmt":"2023-07-06T11:17:55","guid":{"rendered":"https:\/\/www.dekanter-wines.com\/shop\/?page_id=477"},"modified":"2023-08-28T09:11:32","modified_gmt":"2023-08-28T09:11:32","slug":"avtorji","status":"publish","type":"page","link":"https:\/\/www.dekanter-wines.com\/shop\/avtorji\/","title":{"rendered":"Avtorji"},"content":{"rendered":"<section class=\"wpb-content-wrapper\"><p>[vc_row][vc_column]        \r\n        <div class=\"title-banner\">\r\n          <div class=\"breadcrumbs-container\">\r\n            <div class=\"breadcrumbs\">\r\n              <p id=\"breadcrumbs\"><span><span class=\"breadcrumb_last\" aria-current=\"page\">Domov<\/span><\/span><\/p>            <div class=\"clearfix\"><\/div>\r\n            <\/div>\r\n          <\/div>\r\n\r\n          <div class=\"title-banner-image-container\" style=\"background-image: url('https:\/\/www.dekanter-wines.com\/shop\/wp-content\/themes\/ns-template\/img\/page_title_back.jpg');\">\r\n                          <h1>Avtorji<\/h1>\r\n                      <\/div>\r\n               \r\n        <\/div>\r\n        \r\n        [\/vc_column][\/vc_row][vc_row][vc_column][vc_column_text]<\/p>\n<h2>Vsebina spletne strani<\/h2>\n<p>Besedila in\u00a0slikovno gradivo\u00a0na spletni strani so pripravili v <strong>Dekanter Wines<\/strong>.<\/p>\n<h2>Izdelava in oblikovanje spletne strani<\/h2>\n<p>Pri postavitvi spletne strani je\u00a0<strong>digitalna agencija\u00a0noviSplet\u00a0<\/strong>poskrbela za:<\/p>\n<ul>\n<li>na\u010drtovanje uporabni\u0161ke izku\u0161nje,<\/li>\n<li>spletno oblikovanje,<\/li>\n<li>tehni\u010dno izvedbo,<\/li>\n<li>izvedbo celotnega projekta.<\/li>\n<\/ul>\n<p>Izdelava spletnih trgovin\u00a0je\u00a0glavna\u00a0dejavnost digitalne agencije noviSplet, ki s celovitimi spletnimi re\u0161itvami podjetjem na spletu pove\u010duje prodajo in ugled.<\/p>\n<p>Ve\u010d na\u00a0<strong><a href=\"https:\/\/www.novisplet.com\/\" target=\"_blank\" rel=\"noopener\">www.novisplet.com<\/a><\/strong>[\/vc_column_text][\/vc_column][\/vc_row]<\/p>\n<\/section>","protected":false},"excerpt":{"rendered":"<p>[vc_row][vc_column][\/vc_column][\/vc_row][vc_row][vc_column][vc_column_text] Vsebina spletne strani Besedila in\u00a0slikovno gradivo\u00a0na spletni strani so pripravili v Dekanter Wines. Izdelava in oblikovanje spletne strani Pri postavitvi spletne strani je\u00a0digitalna agencija\u00a0noviSplet\u00a0poskrbela za: na\u010drtovanje uporabni\u0161ke izku\u0161nje, spletno oblikovanje, tehni\u010dno izvedbo, izvedbo celotnega projekta. Izdelava spletnih trgovin\u00a0je\u00a0glavna\u00a0dejavnost digitalne agencije noviSplet, ki s celovitimi spletnimi re\u0161itvami podjetjem na spletu pove\u010duje prodajo in ugled. Ve\u010d na\u00a0www.novisplet.com[\/vc_column_text][\/vc_column][\/vc_row]<\/p>\n","protected":false},"author":1,"featured_media":0,"parent":0,"menu_order":0,"comment_status":"closed","ping_status":"closed","template":"","meta":[],"_links":{"self":[{"href":"https:\/\/www.dekanter-wines.com\/shop\/wp-json\/wp\/v2\/pages\/477"}],"collection":[{"href":"https:\/\/www.dekanter-wines.com\/shop\/wp-json\/wp\/v2\/pages"}],"about":[{"href":"https:\/\/www.dekanter-wines.com\/shop\/wp-json\/wp\/v2\/types\/page"}],"author":[{"embeddable":true,"href":"https:\/\/www.dekanter-wines.com\/shop\/wp-json\/wp\/v2\/users\/1"}],"replies":[{"embeddable":true,"href":"https:\/\/www.dekanter-wines.com\/shop\/wp-json\/wp\/v2\/comments?post=477"}],"version-history":[{"count":0,"href":"https:\/\/www.dekanter-wines.com\/shop\/wp-json\/wp\/v2\/pages\/477\/revisions"}],"wp:attachment":[{"href":"https:\/\/www.dekanter-wines.com\/shop\/wp-json\/wp\/v2\/media?parent=477"}],"curies":[{"name":"wp","href":"https:\/\/api.w.org\/{rel}","templated":true}]}}