{"id":1490,"date":"2024-05-06T16:07:59","date_gmt":"2024-05-06T16:07:59","guid":{"rendered":"https:\/\/www.dekanter-wines.com\/shop\/izdelek\/carolina-rdeca-cuvee-dry-jakoncic-0-75-l\/"},"modified":"2024-05-22T16:44:43","modified_gmt":"2024-05-22T16:44:43","slug":"carolina-rdeca-cuvee-dry-jakoncic-0-75-l","status":"publish","type":"product","link":"https:\/\/www.dekanter-wines.com\/shop\/en\/izdelek\/carolina-rdeca-cuvee-dry-jakoncic-0-75-l\/","title":{"rendered":"Carolina rde\u010da Cuvee, (cabernet s., merlot. cabernet f.) dry, Jakon\u010di\u010d (0.75 l)"},"content":{"rendered":"<section class=\"wpb-content-wrapper\"><p>[vc_row][vc_column][vc_column_text]The Minister of Health warns: Excessive alcohol consumption is harmful to health![\/vc_column_text][\/vc_column][\/vc_row]<\/p>\n<\/section>","protected":false},"excerpt":{"rendered":"<p>Red Carolina is a medium intense garnet red color. On the nose, the wine is elegant and mature, with noticeable aromas of cherries and cherry jam. In the mouth, the wine is dry, juicy, with elegant ripe tannins. The character in the mouth is intense, you can detect simple and exotic spices, as well as chocolate and maturation in wood. A very complex wine with a long aftertaste and a long life.<\/p>\n","protected":false},"featured_media":1297,"template":"","meta":[],"product_cat":[189,193],"product_tag":[],"_links":{"self":[{"href":"https:\/\/www.dekanter-wines.com\/shop\/en\/wp-json\/wp\/v2\/product\/1490"}],"collection":[{"href":"https:\/\/www.dekanter-wines.com\/shop\/en\/wp-json\/wp\/v2\/product"}],"about":[{"href":"https:\/\/www.dekanter-wines.com\/shop\/en\/wp-json\/wp\/v2\/types\/product"}],"wp:featuredmedia":[{"embeddable":true,"href":"https:\/\/www.dekanter-wines.com\/shop\/en\/wp-json\/wp\/v2\/media\/1297"}],"wp:attachment":[{"href":"https:\/\/www.dekanter-wines.com\/shop\/en\/wp-json\/wp\/v2\/media?parent=1490"}],"wp:term":[{"taxonomy":"product_cat","embeddable":true,"href":"https:\/\/www.dekanter-wines.com\/shop\/en\/wp-json\/wp\/v2\/product_cat?post=1490"},{"taxonomy":"product_tag","embeddable":true,"href":"https:\/\/www.dekanter-wines.com\/shop\/en\/wp-json\/wp\/v2\/product_tag?post=1490"}],"curies":[{"name":"wp","href":"https:\/\/api.w.org\/{rel}","templated":true}]}}